{"id":20620,"date":"2023-06-21T18:12:58","date_gmt":"2023-06-21T16:12:58","guid":{"rendered":"https:\/\/knjizara-sidran.com\/v2\/?post_type=product&#038;p=20620"},"modified":"2025-11-18T12:24:34","modified_gmt":"2025-11-18T10:24:34","slug":"papirna-palata","status":"publish","type":"product","link":"https:\/\/knjizara-sidran.com\/v2\/product\/papirna-palata\/","title":{"rendered":"Papirna palata"},"content":{"rendered":"<p>Izbor kni\u017eevnog kluba Riz Viderspun.<\/p>\n<p>Pri\u010da o tajnama, ljubavi i la\u017eima zbog kojih jedna \u017eena mora u jednom danu da donese presudnu odluku, na koju se spremala decenijama.<\/p>\n<p>El, pedesetogodi\u0161nja sre\u0107no udata majka troje dece, budi se u Papirnoj palati \u2013 porodi\u010dnom letnjikovcu u koji je dolazila svakog leta. Me\u0111utim, ovo jutro je druga\u010dije: pro\u0161le no\u0107i El i njen najstariji prijatelj D\u017eonas iskrali su se u mrak na zadnja vrata i prvi put vodili ljubav dok su njihovi supru\u017enici sve vreme \u010davrljali u ku\u0107i. Sada, tokom dvadeset \u010detiri \u010dasa, El \u0107e morati da bira izme\u0111u \u017eivota koji je stvorila sa svojim suprugom Piterom, i \u017eivota sa svojom ljubavlju iz detinjstva D\u017eonasom, koji je mogla imati samo da jedan tragi\u010dni doga\u0111aj nije zanavek promenio njihove sudbine.<\/p>\n<p>Dok autorka oslikava \u017eivotna iskustva koja su El dovela do sudbonosnog trenutka, svedo\u010dimo njenoj kona\u010dnoj odluci. Ne\u017ena ali i potresna, Papirna palata razmatra tenzije izme\u0111u \u017eudnje i dostojanstva, posledica zlostavljanja, kao i porodi\u010dne zlo\u010dine i prestupe.<\/p>\n","protected":false},"excerpt":{"rendered":"<p>Izbor kni\u017eevnog kluba Riz Viderspun. Pri\u010da o tajnama, ljubavi i [&hellip;]<\/p>\n","protected":false},"featured_media":20621,"template":"","meta":[],"product_cat":[108,29],"product_tag":[],"class_list":["post-20620","product","type-product","status-publish","has-post-thumbnail","hentry","product_cat-beletristika","product_cat-knjige"],"_links":{"self":[{"href":"https:\/\/knjizara-sidran.com\/v2\/wp-json\/wp\/v2\/product\/20620","targetHints":{"allow":["GET"]}}],"collection":[{"href":"https:\/\/knjizara-sidran.com\/v2\/wp-json\/wp\/v2\/product"}],"about":[{"href":"https:\/\/knjizara-sidran.com\/v2\/wp-json\/wp\/v2\/types\/product"}],"wp:featuredmedia":[{"embeddable":true,"href":"https:\/\/knjizara-sidran.com\/v2\/wp-json\/wp\/v2\/media\/20621"}],"wp:attachment":[{"href":"https:\/\/knjizara-sidran.com\/v2\/wp-json\/wp\/v2\/media?parent=20620"}],"wp:term":[{"taxonomy":"product_cat","embeddable":true,"href":"https:\/\/knjizara-sidran.com\/v2\/wp-json\/wp\/v2\/product_cat?post=20620"},{"taxonomy":"product_tag","embeddable":true,"href":"https:\/\/knjizara-sidran.com\/v2\/wp-json\/wp\/v2\/product_tag?post=20620"}],"curies":[{"name":"wp","href":"https:\/\/api.w.org\/{rel}","templated":true}]}}