{"id":20965,"date":"2023-07-05T14:28:22","date_gmt":"2023-07-05T12:28:22","guid":{"rendered":"https:\/\/knjizara-sidran.com\/v2\/?post_type=product&#038;p=20965"},"modified":"2025-12-08T16:31:06","modified_gmt":"2025-12-08T14:31:06","slug":"opaki-momak","status":"publish","type":"product","link":"https:\/\/knjizara-sidran.com\/v2\/product\/opaki-momak\/","title":{"rendered":"Opaki momak"},"content":{"rendered":"<p>Emilija<\/p>\n<p>Baka mi je jednom rekla da su ljubav i mr\u017enja isto osje\u0107anje izra\u017eeno u razli\u010ditim okolnostima. Strast je ista. Bol je isti. \u010cudnovata uzbu\u0111enja koja pjene u grudima? Ista su. Nisam joj vjerovala dok nisam upoznala Barona Spensera. On je postao moj ko\u0161mar.<br \/>\nOnda je ko\u0161mar postao stvarnost. Mislila sam da sam mu pobjegla, da \u0107e zaboraviti da sam postojala. Ali kada se vratio, udario je ja\u010de nego \u0161to sam vjerovala da je mogu\u0107e. I kao domine \u2013 pala sam.<\/p>\n<p>Opaki<\/p>\n<p>Lepa i neuhvatljiva kao cvjetanje tre\u0161nje. Prije deset godina u\u0161la je u moj \u017eivot nenajavljeno i okrenula ga naglava\u010dke. Emilija Leblank je potpuno zabranjena teritorija za mene. Biv\u0161a djevojka mog najboljeg prijatelja. \u017dena koja zna moju najmra\u010dniju tajnu, \u0107erka posluge unajmljene da vodi ra\u010duna o na\u0161em imanju. To je trebalo da me odvrati od nje, ali nije. Ona me mrzi. Pa \u0161ta. Bi\u0107e joj bolje da po\u010dne da se navikava na mene.<\/p>\n","protected":false},"excerpt":{"rendered":"<p>Emilija Baka mi je jednom rekla da su ljubav i [&hellip;]<\/p>\n","protected":false},"featured_media":20966,"template":"","meta":[],"product_cat":[108,29],"product_tag":[],"class_list":["post-20965","product","type-product","status-publish","has-post-thumbnail","hentry","product_cat-beletristika","product_cat-knjige"],"_links":{"self":[{"href":"https:\/\/knjizara-sidran.com\/v2\/wp-json\/wp\/v2\/product\/20965","targetHints":{"allow":["GET"]}}],"collection":[{"href":"https:\/\/knjizara-sidran.com\/v2\/wp-json\/wp\/v2\/product"}],"about":[{"href":"https:\/\/knjizara-sidran.com\/v2\/wp-json\/wp\/v2\/types\/product"}],"wp:featuredmedia":[{"embeddable":true,"href":"https:\/\/knjizara-sidran.com\/v2\/wp-json\/wp\/v2\/media\/20966"}],"wp:attachment":[{"href":"https:\/\/knjizara-sidran.com\/v2\/wp-json\/wp\/v2\/media?parent=20965"}],"wp:term":[{"taxonomy":"product_cat","embeddable":true,"href":"https:\/\/knjizara-sidran.com\/v2\/wp-json\/wp\/v2\/product_cat?post=20965"},{"taxonomy":"product_tag","embeddable":true,"href":"https:\/\/knjizara-sidran.com\/v2\/wp-json\/wp\/v2\/product_tag?post=20965"}],"curies":[{"name":"wp","href":"https:\/\/api.w.org\/{rel}","templated":true}]}}