{"id":21423,"date":"2023-08-11T10:50:40","date_gmt":"2023-08-11T08:50:40","guid":{"rendered":"https:\/\/knjizara-sidran.com\/v2\/?post_type=product&#038;p=21423"},"modified":"2025-12-08T16:56:29","modified_gmt":"2025-12-08T14:56:29","slug":"bogati-otac-siromasni-otac","status":"publish","type":"product","link":"https:\/\/knjizara-sidran.com\/v2\/product\/bogati-otac-siromasni-otac\/","title":{"rendered":"Bogati otac siroma\u0161ni otac"},"content":{"rendered":"<div class=\"x11i5rnm xat24cr x1mh8g0r x1vvkbs xtlvy1s x126k92a\">\n<div dir=\"auto\">Ne radite za novac, neka novac radi za vas<\/div>\n<\/div>\n<div class=\"x11i5rnm xat24cr x1mh8g0r x1vvkbs xtlvy1s x126k92a\">\n<div dir=\"auto\">Da biste, u finansijskom pogledu, iza\u0161li iz rovova i pre\u0161li u napad, morate da pro\u010ditate Bogati otac, siroma\u0161ni otac. Knjiga obiluje zdravim razumom i trgova\u010dkom razborito\u0161\u0107u, neophodnim za va\u0161u finansijsku budu\u0107nost.<\/div>\n<div dir=\"auto\">Bogati otac, siroma\u0161ni otac nije jedna od onih uobi\u010dajenih knjiga o novcu? Lako se \u010dita, a njene glavne poruke &#8211; kao \u0161to je ona da morate biti usredsre\u0111eni i imati petlju da biste se obogatili &#8211; veoma su jednostavne.<\/div>\n<\/div>\n","protected":false},"excerpt":{"rendered":"<p>Ne radite za novac, neka novac radi za vas Da [&hellip;]<\/p>\n","protected":false},"featured_media":26682,"template":"","meta":[],"product_cat":[29,116],"product_tag":[],"class_list":["post-21423","product","type-product","status-publish","has-post-thumbnail","hentry","product_cat-knjige","product_cat-psihologija"],"_links":{"self":[{"href":"https:\/\/knjizara-sidran.com\/v2\/wp-json\/wp\/v2\/product\/21423","targetHints":{"allow":["GET"]}}],"collection":[{"href":"https:\/\/knjizara-sidran.com\/v2\/wp-json\/wp\/v2\/product"}],"about":[{"href":"https:\/\/knjizara-sidran.com\/v2\/wp-json\/wp\/v2\/types\/product"}],"wp:featuredmedia":[{"embeddable":true,"href":"https:\/\/knjizara-sidran.com\/v2\/wp-json\/wp\/v2\/media\/26682"}],"wp:attachment":[{"href":"https:\/\/knjizara-sidran.com\/v2\/wp-json\/wp\/v2\/media?parent=21423"}],"wp:term":[{"taxonomy":"product_cat","embeddable":true,"href":"https:\/\/knjizara-sidran.com\/v2\/wp-json\/wp\/v2\/product_cat?post=21423"},{"taxonomy":"product_tag","embeddable":true,"href":"https:\/\/knjizara-sidran.com\/v2\/wp-json\/wp\/v2\/product_tag?post=21423"}],"curies":[{"name":"wp","href":"https:\/\/api.w.org\/{rel}","templated":true}]}}