{"id":21539,"date":"2023-08-16T14:00:28","date_gmt":"2023-08-16T12:00:28","guid":{"rendered":"https:\/\/knjizara-sidran.com\/v2\/?post_type=product&#038;p=21539"},"modified":"2023-08-16T14:00:28","modified_gmt":"2023-08-16T12:00:28","slug":"makaze-deli-e6027","status":"publish","type":"product","link":"https:\/\/knjizara-sidran.com\/v2\/product\/makaze-deli-e6027\/","title":{"rendered":"MAKAZE DELI E6027"},"content":{"rendered":"<p>Pakovanje 1\/1<br \/>\nDodatni Info 17,5cm materijal: ner\u0111aju\u0107i \u010delik (specijalna legura \u010delika) 2Cr13. Udoban rukohvat od TPR gume + PP. Ergonomski oblik.<\/p>\n","protected":false},"excerpt":{"rendered":"<p>Pakovanje 1\/1 Dodatni Info 17,5cm materijal: ner\u0111aju\u0107i \u010delik (specijalna legura [&hellip;]<\/p>\n","protected":false},"featured_media":21540,"template":"","meta":[],"product_cat":[62],"product_tag":[],"class_list":["post-21539","product","type-product","status-publish","has-post-thumbnail","hentry","product_cat-kancelarijski"],"_links":{"self":[{"href":"https:\/\/knjizara-sidran.com\/v2\/wp-json\/wp\/v2\/product\/21539","targetHints":{"allow":["GET"]}}],"collection":[{"href":"https:\/\/knjizara-sidran.com\/v2\/wp-json\/wp\/v2\/product"}],"about":[{"href":"https:\/\/knjizara-sidran.com\/v2\/wp-json\/wp\/v2\/types\/product"}],"wp:featuredmedia":[{"embeddable":true,"href":"https:\/\/knjizara-sidran.com\/v2\/wp-json\/wp\/v2\/media\/21540"}],"wp:attachment":[{"href":"https:\/\/knjizara-sidran.com\/v2\/wp-json\/wp\/v2\/media?parent=21539"}],"wp:term":[{"taxonomy":"product_cat","embeddable":true,"href":"https:\/\/knjizara-sidran.com\/v2\/wp-json\/wp\/v2\/product_cat?post=21539"},{"taxonomy":"product_tag","embeddable":true,"href":"https:\/\/knjizara-sidran.com\/v2\/wp-json\/wp\/v2\/product_tag?post=21539"}],"curies":[{"name":"wp","href":"https:\/\/api.w.org\/{rel}","templated":true}]}}