{"id":21857,"date":"2023-11-21T20:51:42","date_gmt":"2023-11-21T18:51:42","guid":{"rendered":"https:\/\/knjizara-sidran.com\/v2\/?post_type=product&#038;p=21857"},"modified":"2025-12-08T17:08:14","modified_gmt":"2025-12-08T15:08:14","slug":"zlo-pod-suncem","status":"publish","type":"product","link":"https:\/\/knjizara-sidran.com\/v2\/product\/zlo-pod-suncem\/","title":{"rendered":"Zlo pod suncem"},"content":{"rendered":"<div class=\"xdj266r x11i5rnm xat24cr x1mh8g0r x1vvkbs x126k92a\">\n<div dir=\"auto\">Agata Kristi je najobjavljivanija autorka svih vremena. Jedino Biblija i \u0160ekspir prema\u0161uju ukupni tira\u017e njenih dijela &#8211; prodato ih je milijardu na engleskom jeziku i jo\u0161 milijardu u prevodu na stotinu drugih jezika.<\/div>\n<\/div>\n<div class=\"x11i5rnm xat24cr x1mh8g0r x1vvkbs xtlvy1s x126k92a\">\n<div dir=\"auto\">Ne nalaze se le\u0161evi na ovakvom mjestu!<\/div>\n<div dir=\"auto\">Ovde je romanti\u010dno, da, slo\u017eio se Herkul Poaro. Mirno je. Sunce sija. More se plavi. Zaboravljate ipak, gospo\u0111ice Bruster, da zla ima svuda pod suncem.<\/div>\n<\/div>\n<div class=\"x11i5rnm xat24cr x1mh8g0r x1vvkbs xtlvy1s x126k92a\">\n<div dir=\"auto\">Preplanulo telo lijepe Arline Mar\u0161al le\u017ei opru\u017eeno na pla\u017ei. Samo, \u010dudno je \u2013 pla\u017ea je u sjenci. Arlina se ne sun\u010da&#8230; zadavljena je.<\/div>\n<div dir=\"auto\">Jo\u0161 od Arlininog dolaska u hotel, atmosfera treperi od seksualne napetosti.<\/div>\n<\/div>\n","protected":false},"excerpt":{"rendered":"<p>Agata Kristi je najobjavljivanija autorka svih vremena. Jedino Biblija i [&hellip;]<\/p>\n","protected":false},"featured_media":21858,"template":"","meta":[],"product_cat":[108,29],"product_tag":[],"class_list":["post-21857","product","type-product","status-publish","has-post-thumbnail","hentry","product_cat-beletristika","product_cat-knjige"],"_links":{"self":[{"href":"https:\/\/knjizara-sidran.com\/v2\/wp-json\/wp\/v2\/product\/21857","targetHints":{"allow":["GET"]}}],"collection":[{"href":"https:\/\/knjizara-sidran.com\/v2\/wp-json\/wp\/v2\/product"}],"about":[{"href":"https:\/\/knjizara-sidran.com\/v2\/wp-json\/wp\/v2\/types\/product"}],"wp:featuredmedia":[{"embeddable":true,"href":"https:\/\/knjizara-sidran.com\/v2\/wp-json\/wp\/v2\/media\/21858"}],"wp:attachment":[{"href":"https:\/\/knjizara-sidran.com\/v2\/wp-json\/wp\/v2\/media?parent=21857"}],"wp:term":[{"taxonomy":"product_cat","embeddable":true,"href":"https:\/\/knjizara-sidran.com\/v2\/wp-json\/wp\/v2\/product_cat?post=21857"},{"taxonomy":"product_tag","embeddable":true,"href":"https:\/\/knjizara-sidran.com\/v2\/wp-json\/wp\/v2\/product_tag?post=21857"}],"curies":[{"name":"wp","href":"https:\/\/api.w.org\/{rel}","templated":true}]}}