{"id":21922,"date":"2024-01-09T17:44:55","date_gmt":"2024-01-09T15:44:55","guid":{"rendered":"https:\/\/knjizara-sidran.com\/v2\/?post_type=product&#038;p=21922"},"modified":"2024-01-09T17:44:55","modified_gmt":"2024-01-09T15:44:55","slug":"atomske-navike","status":"publish","type":"product","link":"https:\/\/knjizara-sidran.com\/v2\/product\/atomske-navike\/","title":{"rendered":"Atomske navike"},"content":{"rendered":"<p>Knjiga Atomske navike D\u017eejmsa Klira pripada \u017eanru psihologije uspeha i od svog prvog objavljivanja pre manje od godinu dana postala je bestseler u toj oblasti. Ona \u0107e se ove godine na\u0107i na policama u \u010dak 40 zemalja \u0161irom sveta! D\u017eejms Klir, jedan od vodec\u0301ih svetskih stru\u010dnjaka za formiranje navika, otkriva prakti\u010dne strategije koje c\u0301e nas nau\u010diti kako da formiramo dobre navike, razbijemo lo\u0161e i ovladamo sitnim navikama koje vode do izvanrednih rezultata.<\/p>\n","protected":false},"excerpt":{"rendered":"<p>Knjiga Atomske navike D\u017eejmsa Klira pripada \u017eanru psihologije uspeha i [&hellip;]<\/p>\n","protected":false},"featured_media":21923,"template":"","meta":[],"product_cat":[29,116],"product_tag":[],"class_list":["post-21922","product","type-product","status-publish","has-post-thumbnail","hentry","product_cat-knjige","product_cat-psihologija"],"_links":{"self":[{"href":"https:\/\/knjizara-sidran.com\/v2\/wp-json\/wp\/v2\/product\/21922","targetHints":{"allow":["GET"]}}],"collection":[{"href":"https:\/\/knjizara-sidran.com\/v2\/wp-json\/wp\/v2\/product"}],"about":[{"href":"https:\/\/knjizara-sidran.com\/v2\/wp-json\/wp\/v2\/types\/product"}],"wp:featuredmedia":[{"embeddable":true,"href":"https:\/\/knjizara-sidran.com\/v2\/wp-json\/wp\/v2\/media\/21923"}],"wp:attachment":[{"href":"https:\/\/knjizara-sidran.com\/v2\/wp-json\/wp\/v2\/media?parent=21922"}],"wp:term":[{"taxonomy":"product_cat","embeddable":true,"href":"https:\/\/knjizara-sidran.com\/v2\/wp-json\/wp\/v2\/product_cat?post=21922"},{"taxonomy":"product_tag","embeddable":true,"href":"https:\/\/knjizara-sidran.com\/v2\/wp-json\/wp\/v2\/product_tag?post=21922"}],"curies":[{"name":"wp","href":"https:\/\/api.w.org\/{rel}","templated":true}]}}