{"id":21924,"date":"2024-01-09T17:55:49","date_gmt":"2024-01-09T15:55:49","guid":{"rendered":"https:\/\/knjizara-sidran.com\/v2\/?post_type=product&#038;p=21924"},"modified":"2024-01-09T17:55:49","modified_gmt":"2024-01-09T15:55:49","slug":"mentalni-sklop","status":"publish","type":"product","link":"https:\/\/knjizara-sidran.com\/v2\/product\/mentalni-sklop\/","title":{"rendered":"Mentalni sklop"},"content":{"rendered":"<p>Knjiga koja \u0107e vam pomo\u0107i da bolje razumijete svog partnera, \u0161efa, prijatelja i svoju djecu i kako da razvijete svoje potencijale, ali i potencijale svoje djece. Va\u017ena knjiga vode\u0107e svijetske nau\u010dnice razvojne psihologinje, \u010dije je istra\u017eivanje mentalnog sklopa (mindset) zna\u010dajno uticalo na savremene teorije odgoja i obrazovanja. Kako na\u0161a uvjerenja o nama utje\u010du na na\u0161 razvoj? \u0160ta je trajni, a \u0161ta razvojni mentalni sklop? Kakav mentalni sklop vi imate, a kakav imaju vama va\u017eni ljudi? Kakav je mentalni sklop va\u0161eg djeteta i kako \u0107e to utjecati na njegovu sudbinu? Kako nas i na\u0161u djecu sabotira slika koju imamo o sebi?<\/p>\n","protected":false},"excerpt":{"rendered":"<p>Knjiga koja \u0107e vam pomo\u0107i da bolje razumijete svog partnera, [&hellip;]<\/p>\n","protected":false},"featured_media":21925,"template":"","meta":[],"product_cat":[29,116],"product_tag":[],"class_list":["post-21924","product","type-product","status-publish","has-post-thumbnail","hentry","product_cat-knjige","product_cat-psihologija"],"_links":{"self":[{"href":"https:\/\/knjizara-sidran.com\/v2\/wp-json\/wp\/v2\/product\/21924","targetHints":{"allow":["GET"]}}],"collection":[{"href":"https:\/\/knjizara-sidran.com\/v2\/wp-json\/wp\/v2\/product"}],"about":[{"href":"https:\/\/knjizara-sidran.com\/v2\/wp-json\/wp\/v2\/types\/product"}],"wp:featuredmedia":[{"embeddable":true,"href":"https:\/\/knjizara-sidran.com\/v2\/wp-json\/wp\/v2\/media\/21925"}],"wp:attachment":[{"href":"https:\/\/knjizara-sidran.com\/v2\/wp-json\/wp\/v2\/media?parent=21924"}],"wp:term":[{"taxonomy":"product_cat","embeddable":true,"href":"https:\/\/knjizara-sidran.com\/v2\/wp-json\/wp\/v2\/product_cat?post=21924"},{"taxonomy":"product_tag","embeddable":true,"href":"https:\/\/knjizara-sidran.com\/v2\/wp-json\/wp\/v2\/product_tag?post=21924"}],"curies":[{"name":"wp","href":"https:\/\/api.w.org\/{rel}","templated":true}]}}