{"id":22294,"date":"2024-01-25T16:24:28","date_gmt":"2024-01-25T14:24:28","guid":{"rendered":"https:\/\/knjizara-sidran.com\/v2\/?post_type=product&#038;p=22294"},"modified":"2024-01-25T16:24:28","modified_gmt":"2024-01-25T14:24:28","slug":"gumica-deli-kolacic-25x25x25mm-eh302","status":"publish","type":"product","link":"https:\/\/knjizara-sidran.com\/v2\/product\/gumica-deli-kolacic-25x25x25mm-eh302\/","title":{"rendered":"GUMICA DELI KOLA\u010cI\u0106 25\u00d725\u00d725mm EH302"},"content":{"rendered":null,"protected":false},"excerpt":{"rendered":"","protected":false},"featured_media":22295,"template":"","meta":[],"product_cat":[86],"product_tag":[],"class_list":["post-22294","product","type-product","status-publish","has-post-thumbnail","hentry","product_cat-skolski"],"_links":{"self":[{"href":"https:\/\/knjizara-sidran.com\/v2\/wp-json\/wp\/v2\/product\/22294","targetHints":{"allow":["GET"]}}],"collection":[{"href":"https:\/\/knjizara-sidran.com\/v2\/wp-json\/wp\/v2\/product"}],"about":[{"href":"https:\/\/knjizara-sidran.com\/v2\/wp-json\/wp\/v2\/types\/product"}],"wp:featuredmedia":[{"embeddable":true,"href":"https:\/\/knjizara-sidran.com\/v2\/wp-json\/wp\/v2\/media\/22295"}],"wp:attachment":[{"href":"https:\/\/knjizara-sidran.com\/v2\/wp-json\/wp\/v2\/media?parent=22294"}],"wp:term":[{"taxonomy":"product_cat","embeddable":true,"href":"https:\/\/knjizara-sidran.com\/v2\/wp-json\/wp\/v2\/product_cat?post=22294"},{"taxonomy":"product_tag","embeddable":true,"href":"https:\/\/knjizara-sidran.com\/v2\/wp-json\/wp\/v2\/product_tag?post=22294"}],"curies":[{"name":"wp","href":"https:\/\/api.w.org\/{rel}","templated":true}]}}