{"id":22789,"date":"2024-03-17T20:28:54","date_gmt":"2024-03-17T18:28:54","guid":{"rendered":"https:\/\/knjizara-sidran.com\/v2\/?post_type=product&#038;p=22789"},"modified":"2025-11-26T09:44:14","modified_gmt":"2025-11-26T07:44:14","slug":"lud-za-tobom","status":"publish","type":"product","link":"https:\/\/knjizara-sidran.com\/v2\/product\/lud-za-tobom\/","title":{"rendered":"Lud za tobom"},"content":{"rendered":"<p>Jedne srijede Kvin Makenzi mijenja svoj \u017eivot iz temelja i zabavlja se s najfinijim momkom na svijetu. Ona radi kao nastavnica likovnog u srednjoj \u0161koli i zadovoljna je svojim poslom, okru\u017eena je porodicom i prijateljima koji mogu da se oslone na nju, i do ludila joj je dosadno. Ali kad kad odlu\u010di da promijeni \u017eivot tako \u0161to \u0107e usvojiti psa lutalicu, iako joj svi u okru\u017eenju zbog toga prebacuju, situacija po\u010dinje da se otima kontroli. Kvin mora da iza\u0111e na kraj s posljedicama otmice psa, s provalama i povredom tu\u0111e svojine, sa zavo\u0111enjem, sabota\u017eama, pra\u0107enjem, s raznim tajnama koje nije ni \u017eeljela da sazna, i sa dvojicom mu\u0161karaca koji su najednom poludjeli za njom<\/p>\n","protected":false},"excerpt":{"rendered":"<p>Jedne srijede Kvin Makenzi mijenja svoj \u017eivot iz temelja i [&hellip;]<\/p>\n","protected":false},"featured_media":22790,"template":"","meta":[],"product_cat":[108,29],"product_tag":[],"class_list":["post-22789","product","type-product","status-publish","has-post-thumbnail","hentry","product_cat-beletristika","product_cat-knjige"],"_links":{"self":[{"href":"https:\/\/knjizara-sidran.com\/v2\/wp-json\/wp\/v2\/product\/22789","targetHints":{"allow":["GET"]}}],"collection":[{"href":"https:\/\/knjizara-sidran.com\/v2\/wp-json\/wp\/v2\/product"}],"about":[{"href":"https:\/\/knjizara-sidran.com\/v2\/wp-json\/wp\/v2\/types\/product"}],"wp:featuredmedia":[{"embeddable":true,"href":"https:\/\/knjizara-sidran.com\/v2\/wp-json\/wp\/v2\/media\/22790"}],"wp:attachment":[{"href":"https:\/\/knjizara-sidran.com\/v2\/wp-json\/wp\/v2\/media?parent=22789"}],"wp:term":[{"taxonomy":"product_cat","embeddable":true,"href":"https:\/\/knjizara-sidran.com\/v2\/wp-json\/wp\/v2\/product_cat?post=22789"},{"taxonomy":"product_tag","embeddable":true,"href":"https:\/\/knjizara-sidran.com\/v2\/wp-json\/wp\/v2\/product_tag?post=22789"}],"curies":[{"name":"wp","href":"https:\/\/api.w.org\/{rel}","templated":true}]}}