{"id":23015,"date":"2024-06-26T11:00:16","date_gmt":"2024-06-26T09:00:16","guid":{"rendered":"https:\/\/knjizara-sidran.com\/v2\/?post_type=product&#038;p=23015"},"modified":"2024-06-26T11:00:16","modified_gmt":"2024-06-26T09:00:16","slug":"lars-5","status":"publish","type":"product","link":"https:\/\/knjizara-sidran.com\/v2\/product\/lars-5\/","title":{"rendered":"Lars"},"content":{"rendered":"<pre>Kerami\u010dka \u0161olja sa poklopcem i dr\u017ea\u010dem od bambusa, 340 ml<\/pre>\n","protected":false},"excerpt":{"rendered":"<p>Kerami\u010dka \u0161olja sa poklopcem i dr\u017ea\u010dem od bambusa, 340 ml<\/p>\n","protected":false},"featured_media":23016,"template":"","meta":[],"product_cat":[122,105],"product_tag":[],"class_list":["post-23015","product","type-product","status-publish","has-post-thumbnail","hentry","product_cat-kucni-setovi","product_cat-promo"],"_links":{"self":[{"href":"https:\/\/knjizara-sidran.com\/v2\/wp-json\/wp\/v2\/product\/23015","targetHints":{"allow":["GET"]}}],"collection":[{"href":"https:\/\/knjizara-sidran.com\/v2\/wp-json\/wp\/v2\/product"}],"about":[{"href":"https:\/\/knjizara-sidran.com\/v2\/wp-json\/wp\/v2\/types\/product"}],"wp:featuredmedia":[{"embeddable":true,"href":"https:\/\/knjizara-sidran.com\/v2\/wp-json\/wp\/v2\/media\/23016"}],"wp:attachment":[{"href":"https:\/\/knjizara-sidran.com\/v2\/wp-json\/wp\/v2\/media?parent=23015"}],"wp:term":[{"taxonomy":"product_cat","embeddable":true,"href":"https:\/\/knjizara-sidran.com\/v2\/wp-json\/wp\/v2\/product_cat?post=23015"},{"taxonomy":"product_tag","embeddable":true,"href":"https:\/\/knjizara-sidran.com\/v2\/wp-json\/wp\/v2\/product_tag?post=23015"}],"curies":[{"name":"wp","href":"https:\/\/api.w.org\/{rel}","templated":true}]}}