{"id":25478,"date":"2024-07-20T13:14:53","date_gmt":"2024-07-20T11:14:53","guid":{"rendered":"https:\/\/knjizara-sidran.com\/v2\/?post_type=product&#038;p=25478"},"modified":"2024-07-20T13:14:53","modified_gmt":"2024-07-20T11:14:53","slug":"malpensa-4","status":"publish","type":"product","link":"https:\/\/knjizara-sidran.com\/v2\/product\/malpensa-4\/","title":{"rendered":"Malpensa"},"content":{"rendered":"<p>A5 Notes sa zaobljenim ivicama, elasti\u010dnom trakom i dr\u017ea\u010dem za olovku<\/p>\n","protected":false},"excerpt":{"rendered":"<p>A5 Notes sa zaobljenim ivicama, elasti\u010dnom trakom i dr\u017ea\u010dem za [&hellip;]<\/p>\n","protected":false},"featured_media":25479,"template":"","meta":[],"product_cat":[105,129],"product_tag":[],"class_list":["post-25478","product","type-product","status-publish","has-post-thumbnail","hentry","product_cat-promo","product_cat-rokovnici-i-notesi"],"_links":{"self":[{"href":"https:\/\/knjizara-sidran.com\/v2\/wp-json\/wp\/v2\/product\/25478","targetHints":{"allow":["GET"]}}],"collection":[{"href":"https:\/\/knjizara-sidran.com\/v2\/wp-json\/wp\/v2\/product"}],"about":[{"href":"https:\/\/knjizara-sidran.com\/v2\/wp-json\/wp\/v2\/types\/product"}],"wp:featuredmedia":[{"embeddable":true,"href":"https:\/\/knjizara-sidran.com\/v2\/wp-json\/wp\/v2\/media\/25479"}],"wp:attachment":[{"href":"https:\/\/knjizara-sidran.com\/v2\/wp-json\/wp\/v2\/media?parent=25478"}],"wp:term":[{"taxonomy":"product_cat","embeddable":true,"href":"https:\/\/knjizara-sidran.com\/v2\/wp-json\/wp\/v2\/product_cat?post=25478"},{"taxonomy":"product_tag","embeddable":true,"href":"https:\/\/knjizara-sidran.com\/v2\/wp-json\/wp\/v2\/product_tag?post=25478"}],"curies":[{"name":"wp","href":"https:\/\/api.w.org\/{rel}","templated":true}]}}