{"id":25579,"date":"2024-07-20T19:33:30","date_gmt":"2024-07-20T17:33:30","guid":{"rendered":"https:\/\/knjizara-sidran.com\/v2\/?post_type=product&#038;p=25579"},"modified":"2024-07-20T19:33:30","modified_gmt":"2024-07-20T17:33:30","slug":"pino-7","status":"publish","type":"product","link":"https:\/\/knjizara-sidran.com\/v2\/product\/pino-7\/","title":{"rendered":"Pino"},"content":{"rendered":"<p>A5 Notes sa zaobljenim ivicama, elasti\u010dnom trakom i dr\u017ea\u010dem za olovku<\/p>\n","protected":false},"excerpt":{"rendered":"<p>A5 Notes sa zaobljenim ivicama, elasti\u010dnom trakom i dr\u017ea\u010dem za [&hellip;]<\/p>\n","protected":false},"featured_media":25580,"template":"","meta":[],"product_cat":[105,129],"product_tag":[],"class_list":["post-25579","product","type-product","status-publish","has-post-thumbnail","hentry","product_cat-promo","product_cat-rokovnici-i-notesi"],"_links":{"self":[{"href":"https:\/\/knjizara-sidran.com\/v2\/wp-json\/wp\/v2\/product\/25579","targetHints":{"allow":["GET"]}}],"collection":[{"href":"https:\/\/knjizara-sidran.com\/v2\/wp-json\/wp\/v2\/product"}],"about":[{"href":"https:\/\/knjizara-sidran.com\/v2\/wp-json\/wp\/v2\/types\/product"}],"wp:featuredmedia":[{"embeddable":true,"href":"https:\/\/knjizara-sidran.com\/v2\/wp-json\/wp\/v2\/media\/25580"}],"wp:attachment":[{"href":"https:\/\/knjizara-sidran.com\/v2\/wp-json\/wp\/v2\/media?parent=25579"}],"wp:term":[{"taxonomy":"product_cat","embeddable":true,"href":"https:\/\/knjizara-sidran.com\/v2\/wp-json\/wp\/v2\/product_cat?post=25579"},{"taxonomy":"product_tag","embeddable":true,"href":"https:\/\/knjizara-sidran.com\/v2\/wp-json\/wp\/v2\/product_tag?post=25579"}],"curies":[{"name":"wp","href":"https:\/\/api.w.org\/{rel}","templated":true}]}}