{"id":25603,"date":"2024-07-22T13:19:42","date_gmt":"2024-07-22T11:19:42","guid":{"rendered":"https:\/\/knjizara-sidran.com\/v2\/?post_type=product&#038;p=25603"},"modified":"2024-07-22T13:19:42","modified_gmt":"2024-07-22T11:19:42","slug":"madrid-3","status":"publish","type":"product","link":"https:\/\/knjizara-sidran.com\/v2\/product\/madrid-3\/","title":{"rendered":"Madrid"},"content":{"rendered":"<p>A5 Notes sa zaobljenim ivicama, elasti\u010dnom trakom, dr\u017ea\u010dem za olovku i d\u017eepom na unutra\u0161njoj strani zadnje korice<\/p>\n","protected":false},"excerpt":{"rendered":"<p>A5 Notes sa zaobljenim ivicama, elasti\u010dnom trakom, dr\u017ea\u010dem za olovku [&hellip;]<\/p>\n","protected":false},"featured_media":25604,"template":"","meta":[],"product_cat":[105,129],"product_tag":[],"class_list":["post-25603","product","type-product","status-publish","has-post-thumbnail","hentry","product_cat-promo","product_cat-rokovnici-i-notesi"],"_links":{"self":[{"href":"https:\/\/knjizara-sidran.com\/v2\/wp-json\/wp\/v2\/product\/25603","targetHints":{"allow":["GET"]}}],"collection":[{"href":"https:\/\/knjizara-sidran.com\/v2\/wp-json\/wp\/v2\/product"}],"about":[{"href":"https:\/\/knjizara-sidran.com\/v2\/wp-json\/wp\/v2\/types\/product"}],"wp:featuredmedia":[{"embeddable":true,"href":"https:\/\/knjizara-sidran.com\/v2\/wp-json\/wp\/v2\/media\/25604"}],"wp:attachment":[{"href":"https:\/\/knjizara-sidran.com\/v2\/wp-json\/wp\/v2\/media?parent=25603"}],"wp:term":[{"taxonomy":"product_cat","embeddable":true,"href":"https:\/\/knjizara-sidran.com\/v2\/wp-json\/wp\/v2\/product_cat?post=25603"},{"taxonomy":"product_tag","embeddable":true,"href":"https:\/\/knjizara-sidran.com\/v2\/wp-json\/wp\/v2\/product_tag?post=25603"}],"curies":[{"name":"wp","href":"https:\/\/api.w.org\/{rel}","templated":true}]}}