{"id":25965,"date":"2024-07-29T09:17:43","date_gmt":"2024-07-29T07:17:43","guid":{"rendered":"https:\/\/knjizara-sidran.com\/v2\/?post_type=product&#038;p=25965"},"modified":"2024-07-29T09:17:44","modified_gmt":"2024-07-29T07:17:44","slug":"bojanka-premium-igraliste-a4-vrabac","status":"publish","type":"product","link":"https:\/\/knjizara-sidran.com\/v2\/product\/bojanka-premium-igraliste-a4-vrabac\/","title":{"rendered":"Bojanka Premium, Igrali\u0161te A4, Vrabac"},"content":{"rendered":"<p>Bojanke za djecu idealan su na\u010din kako da va\u0161e dijete zabavite, a uz to razvijate njegovu ma\u0161tu i uti\u010dete pozitivno na njegov razvoj. One su ve\u0107 generacijama popularne i ve\u0107ina mali\u0161ana im se izrazito raduje.<\/p>\n","protected":false},"excerpt":{"rendered":"<p>Bojanke za djecu idealan su na\u010din kako da va\u0161e dijete [&hellip;]<\/p>\n","protected":false},"featured_media":25966,"template":"","meta":[],"product_cat":[134,133],"product_tag":[],"class_list":["post-25965","product","type-product","status-publish","has-post-thumbnail","hentry","product_cat-ucenje-i-igra","product_cat-vrabac-igre"],"_links":{"self":[{"href":"https:\/\/knjizara-sidran.com\/v2\/wp-json\/wp\/v2\/product\/25965","targetHints":{"allow":["GET"]}}],"collection":[{"href":"https:\/\/knjizara-sidran.com\/v2\/wp-json\/wp\/v2\/product"}],"about":[{"href":"https:\/\/knjizara-sidran.com\/v2\/wp-json\/wp\/v2\/types\/product"}],"wp:featuredmedia":[{"embeddable":true,"href":"https:\/\/knjizara-sidran.com\/v2\/wp-json\/wp\/v2\/media\/25966"}],"wp:attachment":[{"href":"https:\/\/knjizara-sidran.com\/v2\/wp-json\/wp\/v2\/media?parent=25965"}],"wp:term":[{"taxonomy":"product_cat","embeddable":true,"href":"https:\/\/knjizara-sidran.com\/v2\/wp-json\/wp\/v2\/product_cat?post=25965"},{"taxonomy":"product_tag","embeddable":true,"href":"https:\/\/knjizara-sidran.com\/v2\/wp-json\/wp\/v2\/product_tag?post=25965"}],"curies":[{"name":"wp","href":"https:\/\/api.w.org\/{rel}","templated":true}]}}