{"id":26002,"date":"2024-07-29T10:05:01","date_gmt":"2024-07-29T08:05:01","guid":{"rendered":"https:\/\/knjizara-sidran.com\/v2\/?post_type=product&#038;p=26002"},"modified":"2024-07-29T10:05:02","modified_gmt":"2024-07-29T08:05:02","slug":"bojanka-kids-majmun-a4-vrabac","status":"publish","type":"product","link":"https:\/\/knjizara-sidran.com\/v2\/product\/bojanka-kids-majmun-a4-vrabac\/","title":{"rendered":"Bojanka Kids majmun A4, Vrabac"},"content":{"rendered":"<p>Bojanke sa zanimljivim sadr\u017eajem. Prikladne za u\u010denje motori\u010dkih sposobnosti. Debljina linija u bojankama je prilago\u0111ena uzrastu djeteta. Papir korica 300 gr., listovi offset 100 gr. Za uzrast 4+<\/p>\n<p>&nbsp;<\/p>\n","protected":false},"excerpt":{"rendered":"<p>Bojanke sa zanimljivim sadr\u017eajem. Prikladne za u\u010denje motori\u010dkih sposobnosti. Debljina [&hellip;]<\/p>\n","protected":false},"featured_media":26003,"template":"","meta":[],"product_cat":[134,133],"product_tag":[],"class_list":["post-26002","product","type-product","status-publish","has-post-thumbnail","hentry","product_cat-ucenje-i-igra","product_cat-vrabac-igre"],"_links":{"self":[{"href":"https:\/\/knjizara-sidran.com\/v2\/wp-json\/wp\/v2\/product\/26002","targetHints":{"allow":["GET"]}}],"collection":[{"href":"https:\/\/knjizara-sidran.com\/v2\/wp-json\/wp\/v2\/product"}],"about":[{"href":"https:\/\/knjizara-sidran.com\/v2\/wp-json\/wp\/v2\/types\/product"}],"wp:featuredmedia":[{"embeddable":true,"href":"https:\/\/knjizara-sidran.com\/v2\/wp-json\/wp\/v2\/media\/26003"}],"wp:attachment":[{"href":"https:\/\/knjizara-sidran.com\/v2\/wp-json\/wp\/v2\/media?parent=26002"}],"wp:term":[{"taxonomy":"product_cat","embeddable":true,"href":"https:\/\/knjizara-sidran.com\/v2\/wp-json\/wp\/v2\/product_cat?post=26002"},{"taxonomy":"product_tag","embeddable":true,"href":"https:\/\/knjizara-sidran.com\/v2\/wp-json\/wp\/v2\/product_tag?post=26002"}],"curies":[{"name":"wp","href":"https:\/\/api.w.org\/{rel}","templated":true}]}}