{"id":26091,"date":"2024-07-29T12:30:46","date_gmt":"2024-07-29T10:30:46","guid":{"rendered":"https:\/\/knjizara-sidran.com\/v2\/?post_type=product&#038;p=26091"},"modified":"2024-07-29T12:30:46","modified_gmt":"2024-07-29T10:30:46","slug":"edukativna-igrica-sarena-slagalica-vrabac","status":"publish","type":"product","link":"https:\/\/knjizara-sidran.com\/v2\/product\/edukativna-igrica-sarena-slagalica-vrabac\/","title":{"rendered":"Edukativna igrica, \u0160arena slagalica, Vrabac"},"content":{"rendered":"<p>Bilo da je ki\u0161no popodne ili ve\u010de sa drugarima, dru\u0161tvene igre su uvijek dobrodo\u0161le. Igranje kod djece zaista potpoma\u017ee koordinaciji izme\u0111u o\u010diju i ruku, re\u0161avanju problema, koncentraciji i finim motori\u010dkim funkcijama. Neverovatno jednostavan koncept i veliki potencijal u edukaciji je ono \u0161to odvaja \u0160ARENU SLAGALICU od ve\u0107ine igara tog tipa. Igra sadr\u017ei: tri razli\u010dita kartonska \u0161ablona, 24 \u0161arena \u017eetona i uputstvo. Dimenzija: 34.5 x 21 x 4 cm.<\/p>\n","protected":false},"excerpt":{"rendered":"<p>Bilo da je ki\u0161no popodne ili ve\u010de sa drugarima, dru\u0161tvene [&hellip;]<\/p>\n","protected":false},"featured_media":26092,"template":"","meta":[],"product_cat":[134,133],"product_tag":[],"class_list":["post-26091","product","type-product","status-publish","has-post-thumbnail","hentry","product_cat-ucenje-i-igra","product_cat-vrabac-igre"],"_links":{"self":[{"href":"https:\/\/knjizara-sidran.com\/v2\/wp-json\/wp\/v2\/product\/26091","targetHints":{"allow":["GET"]}}],"collection":[{"href":"https:\/\/knjizara-sidran.com\/v2\/wp-json\/wp\/v2\/product"}],"about":[{"href":"https:\/\/knjizara-sidran.com\/v2\/wp-json\/wp\/v2\/types\/product"}],"wp:featuredmedia":[{"embeddable":true,"href":"https:\/\/knjizara-sidran.com\/v2\/wp-json\/wp\/v2\/media\/26092"}],"wp:attachment":[{"href":"https:\/\/knjizara-sidran.com\/v2\/wp-json\/wp\/v2\/media?parent=26091"}],"wp:term":[{"taxonomy":"product_cat","embeddable":true,"href":"https:\/\/knjizara-sidran.com\/v2\/wp-json\/wp\/v2\/product_cat?post=26091"},{"taxonomy":"product_tag","embeddable":true,"href":"https:\/\/knjizara-sidran.com\/v2\/wp-json\/wp\/v2\/product_tag?post=26091"}],"curies":[{"name":"wp","href":"https:\/\/api.w.org\/{rel}","templated":true}]}}