{"id":26100,"date":"2024-07-30T08:53:15","date_gmt":"2024-07-30T06:53:15","guid":{"rendered":"https:\/\/knjizara-sidran.com\/v2\/?post_type=product&#038;p=26100"},"modified":"2024-07-30T08:53:15","modified_gmt":"2024-07-30T06:53:15","slug":"puzzle-todler-ucimo-brojeve-za-djecu-2-vrabac","status":"publish","type":"product","link":"https:\/\/knjizara-sidran.com\/v2\/product\/puzzle-todler-ucimo-brojeve-za-djecu-2-vrabac\/","title":{"rendered":"Puzzle Todler, U\u010dimo brojeve, za djecu 2+, Vrabac"},"content":{"rendered":"<div class=\"question active\">\n<div class=\"answer\">\n<section class=\"section mcb-section the_content has_content\">\n<div class=\"section_wrapper\">\n<div class=\"the_content_wrapper \">\n<p>Vrlo prakti\u010dno pakovanje sa vezicom za no\u0161enje i sa aplikacijom puzle. U svakom pakovanju se nalazi 20 puzli sa razli\u010ditim motivima. Kutija je izra\u0111ena od otpornog valovitog kartona, a puzle od \u010dvrste ljepenke. Dimenzija: 345 x 210 x 40 mm. Za uzrast od 2 godine.<\/p>\n<\/div>\n<\/div>\n<\/section>\n<\/div>\n<\/div>\n<div class=\"question\">\n<div class=\"title\"><\/div>\n<\/div>\n","protected":false},"excerpt":{"rendered":"<p>Vrlo prakti\u010dno pakovanje sa vezicom za no\u0161enje i sa aplikacijom [&hellip;]<\/p>\n","protected":false},"featured_media":26101,"template":"","meta":[],"product_cat":[135,133],"product_tag":[],"class_list":["post-26100","product","type-product","status-publish","has-post-thumbnail","hentry","product_cat-igre-memorije-i-puzzle","product_cat-vrabac-igre"],"_links":{"self":[{"href":"https:\/\/knjizara-sidran.com\/v2\/wp-json\/wp\/v2\/product\/26100","targetHints":{"allow":["GET"]}}],"collection":[{"href":"https:\/\/knjizara-sidran.com\/v2\/wp-json\/wp\/v2\/product"}],"about":[{"href":"https:\/\/knjizara-sidran.com\/v2\/wp-json\/wp\/v2\/types\/product"}],"wp:featuredmedia":[{"embeddable":true,"href":"https:\/\/knjizara-sidran.com\/v2\/wp-json\/wp\/v2\/media\/26101"}],"wp:attachment":[{"href":"https:\/\/knjizara-sidran.com\/v2\/wp-json\/wp\/v2\/media?parent=26100"}],"wp:term":[{"taxonomy":"product_cat","embeddable":true,"href":"https:\/\/knjizara-sidran.com\/v2\/wp-json\/wp\/v2\/product_cat?post=26100"},{"taxonomy":"product_tag","embeddable":true,"href":"https:\/\/knjizara-sidran.com\/v2\/wp-json\/wp\/v2\/product_tag?post=26100"}],"curies":[{"name":"wp","href":"https:\/\/api.w.org\/{rel}","templated":true}]}}