{"id":26125,"date":"2024-07-30T09:48:08","date_gmt":"2024-07-30T07:48:08","guid":{"rendered":"https:\/\/knjizara-sidran.com\/v2\/?post_type=product&#038;p=26125"},"modified":"2024-07-30T09:48:08","modified_gmt":"2024-07-30T07:48:08","slug":"puzzle-fun-mini-vocni-mix-12-slika-vrabac","status":"publish","type":"product","link":"https:\/\/knjizara-sidran.com\/v2\/product\/puzzle-fun-mini-vocni-mix-12-slika-vrabac\/","title":{"rendered":"Puzzle Fun Mini, Vo\u0107ni mix, 12 slika, Vrabac"},"content":{"rendered":"<p>Puzzle su namijenjene za djecu od 3+ godine. Sadr\u017eaj: 48 dijelova, 12 slika x 4 puzzle.<\/p>\n<p>Motivi: malina, vi\u0161nja, nar, lubenica, ananas, gro\u017e\u0111e, narand\u017ea, limun, banana, tre\u0161nja, jagoda i kivi.<\/p>\n<p>Izra\u0111ene su od lepenke 1 mm sa plastifikacijom. Dimenzija pakovanja: 230 x 110x 45 mm.<\/p>\n","protected":false},"excerpt":{"rendered":"<p>Puzzle su namijenjene za djecu od 3+ godine. Sadr\u017eaj: 48 [&hellip;]<\/p>\n","protected":false},"featured_media":26126,"template":"","meta":[],"product_cat":[135,133],"product_tag":[],"class_list":["post-26125","product","type-product","status-publish","has-post-thumbnail","hentry","product_cat-igre-memorije-i-puzzle","product_cat-vrabac-igre"],"_links":{"self":[{"href":"https:\/\/knjizara-sidran.com\/v2\/wp-json\/wp\/v2\/product\/26125","targetHints":{"allow":["GET"]}}],"collection":[{"href":"https:\/\/knjizara-sidran.com\/v2\/wp-json\/wp\/v2\/product"}],"about":[{"href":"https:\/\/knjizara-sidran.com\/v2\/wp-json\/wp\/v2\/types\/product"}],"wp:featuredmedia":[{"embeddable":true,"href":"https:\/\/knjizara-sidran.com\/v2\/wp-json\/wp\/v2\/media\/26126"}],"wp:attachment":[{"href":"https:\/\/knjizara-sidran.com\/v2\/wp-json\/wp\/v2\/media?parent=26125"}],"wp:term":[{"taxonomy":"product_cat","embeddable":true,"href":"https:\/\/knjizara-sidran.com\/v2\/wp-json\/wp\/v2\/product_cat?post=26125"},{"taxonomy":"product_tag","embeddable":true,"href":"https:\/\/knjizara-sidran.com\/v2\/wp-json\/wp\/v2\/product_tag?post=26125"}],"curies":[{"name":"wp","href":"https:\/\/api.w.org\/{rel}","templated":true}]}}