{"id":26214,"date":"2024-07-30T11:23:05","date_gmt":"2024-07-30T09:23:05","guid":{"rendered":"https:\/\/knjizara-sidran.com\/v2\/?post_type=product&#038;p=26214"},"modified":"2024-07-30T11:23:05","modified_gmt":"2024-07-30T09:23:05","slug":"pillow-box-l-285-x-225-mm-roze-vrabac","status":"publish","type":"product","link":"https:\/\/knjizara-sidran.com\/v2\/product\/pillow-box-l-285-x-225-mm-roze-vrabac\/","title":{"rendered":"Pillow box L, 285 x 225 mm, roze, Vrabac"},"content":{"rendered":"<p>Pillow box upotpuni\u0107e izgled pa\u017eljivo biranog poklona za dragu osobu. Dostupne u vi\u0161e motiva, ove<br \/>\nsamosklopive kutijice, privu\u0107i \u0107e pa\u017enju svojim izgledom. Dimenzija: 285 x 225 mm.<\/p>\n","protected":false},"excerpt":{"rendered":"<p>Pillow box upotpuni\u0107e izgled pa\u017eljivo biranog poklona za dragu osobu. [&hellip;]<\/p>\n","protected":false},"featured_media":26215,"template":"","meta":[],"product_cat":[136,133],"product_tag":[],"class_list":["post-26214","product","type-product","status-publish","has-post-thumbnail","hentry","product_cat-poklon-kutije","product_cat-vrabac-igre"],"_links":{"self":[{"href":"https:\/\/knjizara-sidran.com\/v2\/wp-json\/wp\/v2\/product\/26214","targetHints":{"allow":["GET"]}}],"collection":[{"href":"https:\/\/knjizara-sidran.com\/v2\/wp-json\/wp\/v2\/product"}],"about":[{"href":"https:\/\/knjizara-sidran.com\/v2\/wp-json\/wp\/v2\/types\/product"}],"wp:featuredmedia":[{"embeddable":true,"href":"https:\/\/knjizara-sidran.com\/v2\/wp-json\/wp\/v2\/media\/26215"}],"wp:attachment":[{"href":"https:\/\/knjizara-sidran.com\/v2\/wp-json\/wp\/v2\/media?parent=26214"}],"wp:term":[{"taxonomy":"product_cat","embeddable":true,"href":"https:\/\/knjizara-sidran.com\/v2\/wp-json\/wp\/v2\/product_cat?post=26214"},{"taxonomy":"product_tag","embeddable":true,"href":"https:\/\/knjizara-sidran.com\/v2\/wp-json\/wp\/v2\/product_tag?post=26214"}],"curies":[{"name":"wp","href":"https:\/\/api.w.org\/{rel}","templated":true}]}}