{"id":26220,"date":"2024-07-30T11:26:51","date_gmt":"2024-07-30T09:26:51","guid":{"rendered":"https:\/\/knjizara-sidran.com\/v2\/?post_type=product&#038;p=26220"},"modified":"2024-07-30T11:26:51","modified_gmt":"2024-07-30T09:26:51","slug":"okta-jar-156-kutija-ukrasna-srebrna-vrabac","status":"publish","type":"product","link":"https:\/\/knjizara-sidran.com\/v2\/product\/okta-jar-156-kutija-ukrasna-srebrna-vrabac\/","title":{"rendered":"Okta Jar 156, kutija ukrasna, srebrna, Vrabac"},"content":{"rendered":"<p>Ukrasna kutija je idealna za pakovanje pa\u017eljivo biranog poklona za dragu osobu ili poslovne partnere. Kutije su u osnovi izra\u0111ene od ljepenke debljine 1.5mm i oblo\u017eene kvalitetnim papirom sa efektom zlatotiska i papirom sa teksturom. U kutiju mo\u017eete spakovati i va\u0161e uspomene. Dimenzija: 11\u00d716 cm.<\/p>\n<p>&nbsp;<\/p>\n","protected":false},"excerpt":{"rendered":"<p>Ukrasna kutija je idealna za pakovanje pa\u017eljivo biranog poklona za [&hellip;]<\/p>\n","protected":false},"featured_media":26221,"template":"","meta":[],"product_cat":[136,133],"product_tag":[],"class_list":["post-26220","product","type-product","status-publish","has-post-thumbnail","hentry","product_cat-poklon-kutije","product_cat-vrabac-igre"],"_links":{"self":[{"href":"https:\/\/knjizara-sidran.com\/v2\/wp-json\/wp\/v2\/product\/26220","targetHints":{"allow":["GET"]}}],"collection":[{"href":"https:\/\/knjizara-sidran.com\/v2\/wp-json\/wp\/v2\/product"}],"about":[{"href":"https:\/\/knjizara-sidran.com\/v2\/wp-json\/wp\/v2\/types\/product"}],"wp:featuredmedia":[{"embeddable":true,"href":"https:\/\/knjizara-sidran.com\/v2\/wp-json\/wp\/v2\/media\/26221"}],"wp:attachment":[{"href":"https:\/\/knjizara-sidran.com\/v2\/wp-json\/wp\/v2\/media?parent=26220"}],"wp:term":[{"taxonomy":"product_cat","embeddable":true,"href":"https:\/\/knjizara-sidran.com\/v2\/wp-json\/wp\/v2\/product_cat?post=26220"},{"taxonomy":"product_tag","embeddable":true,"href":"https:\/\/knjizara-sidran.com\/v2\/wp-json\/wp\/v2\/product_tag?post=26220"}],"curies":[{"name":"wp","href":"https:\/\/api.w.org\/{rel}","templated":true}]}}