{"id":26254,"date":"2024-08-02T14:14:50","date_gmt":"2024-08-02T12:14:50","guid":{"rendered":"https:\/\/knjizara-sidran.com\/v2\/?post_type=product&#038;p=26254"},"modified":"2024-08-02T14:17:46","modified_gmt":"2024-08-02T12:17:46","slug":"vjeronauka-za-1-razred-srednje-skole","status":"publish","type":"product","link":"https:\/\/knjizara-sidran.com\/v2\/product\/vjeronauka-za-1-razred-srednje-skole\/","title":{"rendered":"Vjeronauka za 1. razred srednje \u0161kole"},"content":{"rendered":"<p>Nusret Isanovi\u0107<\/p>\n<p>D\u017eemaludin Lati\u0107<\/p>\n","protected":false},"excerpt":{"rendered":"<p>Nusret Isanovi\u0107 D\u017eemaludin Lati\u0107<\/p>\n","protected":false},"featured_media":26255,"template":"","meta":[],"product_cat":[15,29,107],"product_tag":[],"class_list":["post-26254","product","type-product","status-publish","has-post-thumbnail","hentry","product_cat-sadrzaj","product_cat-knjige","product_cat-udzbenici"],"_links":{"self":[{"href":"https:\/\/knjizara-sidran.com\/v2\/wp-json\/wp\/v2\/product\/26254","targetHints":{"allow":["GET"]}}],"collection":[{"href":"https:\/\/knjizara-sidran.com\/v2\/wp-json\/wp\/v2\/product"}],"about":[{"href":"https:\/\/knjizara-sidran.com\/v2\/wp-json\/wp\/v2\/types\/product"}],"wp:featuredmedia":[{"embeddable":true,"href":"https:\/\/knjizara-sidran.com\/v2\/wp-json\/wp\/v2\/media\/26255"}],"wp:attachment":[{"href":"https:\/\/knjizara-sidran.com\/v2\/wp-json\/wp\/v2\/media?parent=26254"}],"wp:term":[{"taxonomy":"product_cat","embeddable":true,"href":"https:\/\/knjizara-sidran.com\/v2\/wp-json\/wp\/v2\/product_cat?post=26254"},{"taxonomy":"product_tag","embeddable":true,"href":"https:\/\/knjizara-sidran.com\/v2\/wp-json\/wp\/v2\/product_tag?post=26254"}],"curies":[{"name":"wp","href":"https:\/\/api.w.org\/{rel}","templated":true}]}}