{"id":26404,"date":"2024-11-01T14:14:56","date_gmt":"2024-11-01T12:14:56","guid":{"rendered":"https:\/\/knjizara-sidran.com\/v2\/?post_type=product&#038;p=26404"},"modified":"2024-11-01T14:14:56","modified_gmt":"2024-11-01T12:14:56","slug":"jasno-kao-dan-anjes-m-ligan","status":"publish","type":"product","link":"https:\/\/knjizara-sidran.com\/v2\/product\/jasno-kao-dan-anjes-m-ligan\/","title":{"rendered":"Jasno kao dan Anjes M. Ligan"},"content":{"rendered":"<p>Jasno kao dan Anjes Marten-Ligan<br class=\"html-br\" \/>Ren vodi unosan posao sa svojim prijateljem Polom i ima divnog sedamnaestogodi\u0161njeg sina Noja, koga je sama podigla. Sretna je i ispunjena, sve do jednog poslovnog sastanka tokom koga upoznaje Pakoma, koji je magnetski privla\u010di. Ubrzo sre\u0107e njegovog poslovnog partnera Nikolu\u2026 Sedamnaest godina prije tog susreta Nikola je oti\u0161ao u Indiju i ostavio Ren, ne znaju\u0107i da je ona trudna. Istina \u0107e morati da iza\u0111e na vidjelo, a Noje, koji je rastao bez oca, odjednom \u0107e se suo\u010diti sa tri razli\u010dite o\u010dinske figure.<br class=\"html-br\" \/><br class=\"html-br\" \/>Porodi\u010dni odnosi se komplikuju dok Ren preispituje svoja osje\u0107anja, novonastalu situaciju i sve promjene izazvane neo\u010dekivanim susretom sa Nikolom i njegovom porodicom. Suze, bijes, bijeg od ku\u0107e, kompromisi i solidarnost pro\u017eimaju ovu sentimentalnu pri\u010du koja \u010ditaoca okrepljuje i uvjerava da sve tajne jednog dana moraju biti razotkrivene.<\/p>\n","protected":false},"excerpt":{"rendered":"<p>Jasno kao dan Anjes Marten-LiganRen vodi unosan posao sa svojim [&hellip;]<\/p>\n","protected":false},"featured_media":26405,"template":"","meta":[],"product_cat":[108,29],"product_tag":[],"class_list":["post-26404","product","type-product","status-publish","has-post-thumbnail","hentry","product_cat-beletristika","product_cat-knjige"],"_links":{"self":[{"href":"https:\/\/knjizara-sidran.com\/v2\/wp-json\/wp\/v2\/product\/26404","targetHints":{"allow":["GET"]}}],"collection":[{"href":"https:\/\/knjizara-sidran.com\/v2\/wp-json\/wp\/v2\/product"}],"about":[{"href":"https:\/\/knjizara-sidran.com\/v2\/wp-json\/wp\/v2\/types\/product"}],"wp:featuredmedia":[{"embeddable":true,"href":"https:\/\/knjizara-sidran.com\/v2\/wp-json\/wp\/v2\/media\/26405"}],"wp:attachment":[{"href":"https:\/\/knjizara-sidran.com\/v2\/wp-json\/wp\/v2\/media?parent=26404"}],"wp:term":[{"taxonomy":"product_cat","embeddable":true,"href":"https:\/\/knjizara-sidran.com\/v2\/wp-json\/wp\/v2\/product_cat?post=26404"},{"taxonomy":"product_tag","embeddable":true,"href":"https:\/\/knjizara-sidran.com\/v2\/wp-json\/wp\/v2\/product_tag?post=26404"}],"curies":[{"name":"wp","href":"https:\/\/api.w.org\/{rel}","templated":true}]}}