{"id":26465,"date":"2025-02-04T14:17:31","date_gmt":"2025-02-04T12:17:31","guid":{"rendered":"https:\/\/knjizara-sidran.com\/v2\/?post_type=product&#038;p=26465"},"modified":"2025-02-04T14:17:32","modified_gmt":"2025-02-04T12:17:32","slug":"jest-cemo-zlatnim-kasikama","status":"publish","type":"product","link":"https:\/\/knjizara-sidran.com\/v2\/product\/jest-cemo-zlatnim-kasikama\/","title":{"rendered":"Jest \u0107emo zlatnim ka\u0161ikama"},"content":{"rendered":"<p>&#8220;Vjerovati politi\u010darima i njihovim obe\u0107anjima je \u0111avolji posao. Sve \u0161to obe\u0107aju, la\u017eu, sve \u0161to mogu, ukradu&#8230; A, mi smo im povjerili dr\u017eavu i na\u0161e pare. Koji smo mi kreteni. Sjetite se prvih obe\u0107anja prije tri decenije&#8230; evo nas, tu smo. Ne jedemo zlatnim ka\u0161ikama nego \u201cjedemo\u201d zlatne ka\u0161ike, koje su na\u0161e bake donijele u miraz. Kakve zlatne ka\u0161ike..Tu smo negdje blizu vojni\u010dkih limenih porcija. A i iz njih se ima sve manje jesti&#8230;&#8221;<\/p>\n","protected":false},"excerpt":{"rendered":"<p>&#8220;Vjerovati politi\u010darima i njihovim obe\u0107anjima je \u0111avolji posao. Sve \u0161to [&hellip;]<\/p>\n","protected":false},"featured_media":26466,"template":"","meta":[],"product_cat":[108,29],"product_tag":[],"class_list":["post-26465","product","type-product","status-publish","has-post-thumbnail","hentry","product_cat-beletristika","product_cat-knjige"],"_links":{"self":[{"href":"https:\/\/knjizara-sidran.com\/v2\/wp-json\/wp\/v2\/product\/26465","targetHints":{"allow":["GET"]}}],"collection":[{"href":"https:\/\/knjizara-sidran.com\/v2\/wp-json\/wp\/v2\/product"}],"about":[{"href":"https:\/\/knjizara-sidran.com\/v2\/wp-json\/wp\/v2\/types\/product"}],"wp:featuredmedia":[{"embeddable":true,"href":"https:\/\/knjizara-sidran.com\/v2\/wp-json\/wp\/v2\/media\/26466"}],"wp:attachment":[{"href":"https:\/\/knjizara-sidran.com\/v2\/wp-json\/wp\/v2\/media?parent=26465"}],"wp:term":[{"taxonomy":"product_cat","embeddable":true,"href":"https:\/\/knjizara-sidran.com\/v2\/wp-json\/wp\/v2\/product_cat?post=26465"},{"taxonomy":"product_tag","embeddable":true,"href":"https:\/\/knjizara-sidran.com\/v2\/wp-json\/wp\/v2\/product_tag?post=26465"}],"curies":[{"name":"wp","href":"https:\/\/api.w.org\/{rel}","templated":true}]}}