{"id":26547,"date":"2025-04-29T11:59:57","date_gmt":"2025-04-29T09:59:57","guid":{"rendered":"https:\/\/knjizara-sidran.com\/v2\/?post_type=product&#038;p=26547"},"modified":"2025-04-29T11:59:58","modified_gmt":"2025-04-29T09:59:58","slug":"stakleni-hotel","status":"publish","type":"product","link":"https:\/\/knjizara-sidran.com\/v2\/product\/stakleni-hotel\/","title":{"rendered":"Stakleni hotel"},"content":{"rendered":"<p>U maglovitoj divljini ostrva Vankuver le\u017ei luksuzni hotel Kajet. Sav u staklu i kedrovini, Kajet je mesto gdje se prepli\u0107u sudbine. Jedne ve\u010deri, na recepciji \u0107e se, kiselinom urezana u staklo, pojaviti poruka: \u201eZa\u0161to ne proguta\u0161 slomljeno staklo?\u201d Ta poruka duboko \u0107e uticati na mnoge koji su tu te ve\u010deri. Taj naizgled neva\u017ean doga\u0111aj, poput skretnice na pruzi, iz korijena \u0107e izmijeniti sudbine mnogih likova i razotkriti sve duhove pro\u0161losti od kojih poku\u0161avaju da pobjegnu.<br class=\"html-br\" \/><br class=\"html-br\" \/>Prepli\u0107u\u0107i sudbine brojnih likova iz razli\u010ditih \u017eivotnih miljea, dozvoljavaju\u0107i im da prelaze \u010desto nevidljive granice, Emili Sent D\u017eon Mandel nam otkriva skriven svijet koji postoji \u201eizme\u0111u\u201d onog koji smatramo stvarno\u0161\u0107u. Stakleni hotel je \u010dudesan prikaz gramzivosti i krivice, fantazije i obmane. Ovo je dirljiva pri\u010da o katastrofama i opstanku, i o bezbrojnim na\u010dinima na koje poku\u0161avamo da prona\u0111emo smisao \u017eivota.<\/p>\n","protected":false},"excerpt":{"rendered":"<p>U maglovitoj divljini ostrva Vankuver le\u017ei luksuzni hotel Kajet. Sav [&hellip;]<\/p>\n","protected":false},"featured_media":26548,"template":"","meta":[],"product_cat":[108,29],"product_tag":[],"class_list":["post-26547","product","type-product","status-publish","has-post-thumbnail","hentry","product_cat-beletristika","product_cat-knjige"],"_links":{"self":[{"href":"https:\/\/knjizara-sidran.com\/v2\/wp-json\/wp\/v2\/product\/26547","targetHints":{"allow":["GET"]}}],"collection":[{"href":"https:\/\/knjizara-sidran.com\/v2\/wp-json\/wp\/v2\/product"}],"about":[{"href":"https:\/\/knjizara-sidran.com\/v2\/wp-json\/wp\/v2\/types\/product"}],"wp:featuredmedia":[{"embeddable":true,"href":"https:\/\/knjizara-sidran.com\/v2\/wp-json\/wp\/v2\/media\/26548"}],"wp:attachment":[{"href":"https:\/\/knjizara-sidran.com\/v2\/wp-json\/wp\/v2\/media?parent=26547"}],"wp:term":[{"taxonomy":"product_cat","embeddable":true,"href":"https:\/\/knjizara-sidran.com\/v2\/wp-json\/wp\/v2\/product_cat?post=26547"},{"taxonomy":"product_tag","embeddable":true,"href":"https:\/\/knjizara-sidran.com\/v2\/wp-json\/wp\/v2\/product_tag?post=26547"}],"curies":[{"name":"wp","href":"https:\/\/api.w.org\/{rel}","templated":true}]}}